{"id":336801,"date":"2024-02-07T16:45:17","date_gmt":"2024-02-07T16:45:17","guid":{"rendered":"https:\/\/bodyharmonycirugiaplastica.com\/?post_type=product&#038;p=336801"},"modified":"2024-02-07T16:56:28","modified_gmt":"2024-02-07T16:56:28","slug":"virtual-psychologist-consultation","status":"publish","type":"product","link":"https:\/\/bodyharmonycirugiaplastica.com\/es\/producto\/virtual-psychologist-consultation\/","title":{"rendered":"Consulta virtual con psicologia"},"content":{"rendered":"<p>Una evaluaci\u00f3n psicol\u00f3gica puede ayudar a identificar estrategias para mejorar la recuperaci\u00f3n despu\u00e9s de la cirug\u00eda pl\u00e1stica. Los pacientes deben estar preparados mentalmente para los efectos f\u00edsicos y psicol\u00f3gicos que pueden tener estas operaciones. La informaci\u00f3n recopilada a lo largo de la evaluaci\u00f3n puede brindarle al m\u00e9dico informaci\u00f3n sobre su preparaci\u00f3n. El equipo brinda apoyo de las siguientes maneras.<\/p>\n<p>Evaluando alternativas a la cirug\u00eda est\u00e9tica<br \/>\nPreparar a los pacientes para la cirug\u00eda pl\u00e1stica<br \/>\nManejo de las expectativas del paciente<br \/>\nManejo del trauma del paciente<br \/>\nEvaluaci\u00f3n de casos de cirug\u00eda est\u00e9tica<br \/>\nTratar la ansiedad por la apariencia.<\/p>","protected":false},"excerpt":{"rendered":"<p>A psychological evaluation can assist in identifying strategies to improve recovery after Plastic surgery. Patients must be mentally prepared for the physical and psychological effects that these operations can have. The information gathered throughout the evaluation can give the physician information about your preparation. The team provides support in the following ways. Evaluating alternatives to [&hellip;]<\/p>\n","protected":false},"featured_media":336802,"comment_status":"open","ping_status":"closed","template":"","meta":{"_et_pb_use_builder":"","_et_pb_old_content":"","_et_gb_content_width":"","_joinchat":[]},"product_brand":[],"product_cat":[24],"product_tag":[],"class_list":{"0":"post-336801","1":"product","2":"type-product","3":"status-publish","4":"has-post-thumbnail","6":"product_cat-sin-categorizar","8":"first","9":"instock","10":"shipping-taxable","11":"purchasable","12":"product-type-simple"},"yoast_head":"<!-- This site is optimized with the Yoast SEO plugin v27.5 - https:\/\/yoast.com\/product\/yoast-seo-wordpress\/ -->\n<title>Virtual Psychologist Consultation - Bodyharmonycirugiaplastica<\/title>\n<meta name=\"robots\" content=\"index, follow, max-snippet:-1, max-image-preview:large, max-video-preview:-1\" \/>\n<link rel=\"canonical\" href=\"https:\/\/bodyharmonycirugiaplastica.com\/es\/producto\/virtual-psychologist-consultation\/\" \/>\n<meta property=\"og:locale\" content=\"es_ES\" \/>\n<meta property=\"og:type\" content=\"article\" \/>\n<meta property=\"og:title\" content=\"Virtual Psychologist Consultation - Bodyharmonycirugiaplastica\" \/>\n<meta property=\"og:description\" content=\"A psychological evaluation can assist in identifying strategies to improve recovery after Plastic surgery. Patients must be mentally prepared for the physical and psychological effects that these operations can have. The information gathered throughout the evaluation can give the physician information about your preparation. The team provides support in the following ways. Evaluating alternatives to [&hellip;]\" \/>\n<meta property=\"og:url\" content=\"https:\/\/bodyharmonycirugiaplastica.com\/es\/producto\/virtual-psychologist-consultation\/\" \/>\n<meta property=\"og:site_name\" content=\"Bodyharmonycirugiaplastica\" \/>\n<meta property=\"article:modified_time\" content=\"2024-02-07T16:56:28+00:00\" \/>\n<meta property=\"og:image\" content=\"https:\/\/bodyharmonycirugiaplastica.com\/wp-content\/uploads\/2024\/02\/5125793.jpg\" \/>\n\t<meta property=\"og:image:width\" content=\"1500\" \/>\n\t<meta property=\"og:image:height\" content=\"1500\" \/>\n\t<meta property=\"og:image:type\" content=\"image\/jpeg\" \/>\n<meta name=\"twitter:card\" content=\"summary_large_image\" \/>\n<meta name=\"twitter:label1\" content=\"Tiempo de lectura\" \/>\n\t<meta name=\"twitter:data1\" content=\"1 minuto\" \/>\n<script type=\"application\/ld+json\" class=\"yoast-schema-graph\">{\"@context\":\"https:\\\/\\\/schema.org\",\"@graph\":[{\"@type\":\"WebPage\",\"@id\":\"https:\\\/\\\/bodyharmonycirugiaplastica.com\\\/producto\\\/virtual-psychologist-consultation\\\/\",\"url\":\"https:\\\/\\\/bodyharmonycirugiaplastica.com\\\/producto\\\/virtual-psychologist-consultation\\\/\",\"name\":\"Virtual Psychologist Consultation - Bodyharmonycirugiaplastica\",\"isPartOf\":{\"@id\":\"https:\\\/\\\/bodyharmonycirugiaplastica.com\\\/#website\"},\"primaryImageOfPage\":{\"@id\":\"https:\\\/\\\/bodyharmonycirugiaplastica.com\\\/producto\\\/virtual-psychologist-consultation\\\/#primaryimage\"},\"image\":{\"@id\":\"https:\\\/\\\/bodyharmonycirugiaplastica.com\\\/producto\\\/virtual-psychologist-consultation\\\/#primaryimage\"},\"thumbnailUrl\":\"https:\\\/\\\/bodyharmonycirugiaplastica.com\\\/wp-content\\\/uploads\\\/2024\\\/02\\\/5125793.jpg\",\"datePublished\":\"2024-02-07T16:45:17+00:00\",\"dateModified\":\"2024-02-07T16:56:28+00:00\",\"breadcrumb\":{\"@id\":\"https:\\\/\\\/bodyharmonycirugiaplastica.com\\\/producto\\\/virtual-psychologist-consultation\\\/#breadcrumb\"},\"inLanguage\":\"es\",\"potentialAction\":[{\"@type\":\"ReadAction\",\"target\":[\"https:\\\/\\\/bodyharmonycirugiaplastica.com\\\/producto\\\/virtual-psychologist-consultation\\\/\"]}]},{\"@type\":\"ImageObject\",\"inLanguage\":\"es\",\"@id\":\"https:\\\/\\\/bodyharmonycirugiaplastica.com\\\/producto\\\/virtual-psychologist-consultation\\\/#primaryimage\",\"url\":\"https:\\\/\\\/bodyharmonycirugiaplastica.com\\\/wp-content\\\/uploads\\\/2024\\\/02\\\/5125793.jpg\",\"contentUrl\":\"https:\\\/\\\/bodyharmonycirugiaplastica.com\\\/wp-content\\\/uploads\\\/2024\\\/02\\\/5125793.jpg\",\"width\":1500,\"height\":1500},{\"@type\":\"BreadcrumbList\",\"@id\":\"https:\\\/\\\/bodyharmonycirugiaplastica.com\\\/producto\\\/virtual-psychologist-consultation\\\/#breadcrumb\",\"itemListElement\":[{\"@type\":\"ListItem\",\"position\":1,\"name\":\"Home\",\"item\":\"https:\\\/\\\/bodyharmonycirugiaplastica.com\\\/\"},{\"@type\":\"ListItem\",\"position\":2,\"name\":\"BOOK YOUR SERVICE ONLINE\",\"item\":\"https:\\\/\\\/bodyharmonycirugiaplastica.com\\\/book-your-surgery-with-us\\\/\"},{\"@type\":\"ListItem\",\"position\":3,\"name\":\"Virtual Psychologist Consultation\"}]},{\"@type\":\"WebSite\",\"@id\":\"https:\\\/\\\/bodyharmonycirugiaplastica.com\\\/#website\",\"url\":\"https:\\\/\\\/bodyharmonycirugiaplastica.com\\\/\",\"name\":\"Body harmony plastic surgery\",\"description\":\"plastic surgery in cartagena\",\"publisher\":{\"@id\":\"https:\\\/\\\/bodyharmonycirugiaplastica.com\\\/#organization\"},\"potentialAction\":[{\"@type\":\"SearchAction\",\"target\":{\"@type\":\"EntryPoint\",\"urlTemplate\":\"https:\\\/\\\/bodyharmonycirugiaplastica.com\\\/?s={search_term_string}\"},\"query-input\":{\"@type\":\"PropertyValueSpecification\",\"valueRequired\":true,\"valueName\":\"search_term_string\"}}],\"inLanguage\":\"es\"},{\"@type\":\"Organization\",\"@id\":\"https:\\\/\\\/bodyharmonycirugiaplastica.com\\\/#organization\",\"name\":\"Body Harmony Plastic surgery\",\"url\":\"https:\\\/\\\/bodyharmonycirugiaplastica.com\\\/\",\"logo\":{\"@type\":\"ImageObject\",\"inLanguage\":\"es\",\"@id\":\"https:\\\/\\\/bodyharmonycirugiaplastica.com\\\/#\\\/schema\\\/logo\\\/image\\\/\",\"url\":\"https:\\\/\\\/secureservercdn.net\\\/198.71.233.83\\\/uv2.7cd.myftpupload.com\\\/wp-content\\\/uploads\\\/2021\\\/10\\\/BODY-HARMONY-logo.png?time=1637080077\",\"contentUrl\":\"https:\\\/\\\/secureservercdn.net\\\/198.71.233.83\\\/uv2.7cd.myftpupload.com\\\/wp-content\\\/uploads\\\/2021\\\/10\\\/BODY-HARMONY-logo.png?time=1637080077\",\"width\":358,\"height\":177,\"caption\":\"Body Harmony Plastic surgery\"},\"image\":{\"@id\":\"https:\\\/\\\/bodyharmonycirugiaplastica.com\\\/#\\\/schema\\\/logo\\\/image\\\/\"},\"sameAs\":[\"https:\\\/\\\/www.instagram.com\\\/bodyharmonycirugiaplastica\\\/\",\"https:\\\/\\\/www.youtube.com\\\/channel\\\/UCfydzMSkJpn-PmlKltrEFuw\"]}]}<\/script>\n<!-- \/ Yoast SEO plugin. -->","yoast_head_json":{"title":"Virtual Psychologist Consultation - Bodyharmonycirugiaplastica","robots":{"index":"index","follow":"follow","max-snippet":"max-snippet:-1","max-image-preview":"max-image-preview:large","max-video-preview":"max-video-preview:-1"},"canonical":"https:\/\/bodyharmonycirugiaplastica.com\/es\/producto\/virtual-psychologist-consultation\/","og_locale":"es_ES","og_type":"article","og_title":"Virtual Psychologist Consultation - Bodyharmonycirugiaplastica","og_description":"A psychological evaluation can assist in identifying strategies to improve recovery after Plastic surgery. Patients must be mentally prepared for the physical and psychological effects that these operations can have. The information gathered throughout the evaluation can give the physician information about your preparation. The team provides support in the following ways. Evaluating alternatives to [&hellip;]","og_url":"https:\/\/bodyharmonycirugiaplastica.com\/es\/producto\/virtual-psychologist-consultation\/","og_site_name":"Bodyharmonycirugiaplastica","article_modified_time":"2024-02-07T16:56:28+00:00","og_image":[{"width":1500,"height":1500,"url":"https:\/\/bodyharmonycirugiaplastica.com\/wp-content\/uploads\/2024\/02\/5125793.jpg","type":"image\/jpeg"}],"twitter_card":"summary_large_image","twitter_misc":{"Tiempo de lectura":"1 minuto"},"schema":{"@context":"https:\/\/schema.org","@graph":[{"@type":"WebPage","@id":"https:\/\/bodyharmonycirugiaplastica.com\/producto\/virtual-psychologist-consultation\/","url":"https:\/\/bodyharmonycirugiaplastica.com\/producto\/virtual-psychologist-consultation\/","name":"Virtual Psychologist Consultation - Bodyharmonycirugiaplastica","isPartOf":{"@id":"https:\/\/bodyharmonycirugiaplastica.com\/#website"},"primaryImageOfPage":{"@id":"https:\/\/bodyharmonycirugiaplastica.com\/producto\/virtual-psychologist-consultation\/#primaryimage"},"image":{"@id":"https:\/\/bodyharmonycirugiaplastica.com\/producto\/virtual-psychologist-consultation\/#primaryimage"},"thumbnailUrl":"https:\/\/bodyharmonycirugiaplastica.com\/wp-content\/uploads\/2024\/02\/5125793.jpg","datePublished":"2024-02-07T16:45:17+00:00","dateModified":"2024-02-07T16:56:28+00:00","breadcrumb":{"@id":"https:\/\/bodyharmonycirugiaplastica.com\/producto\/virtual-psychologist-consultation\/#breadcrumb"},"inLanguage":"es","potentialAction":[{"@type":"ReadAction","target":["https:\/\/bodyharmonycirugiaplastica.com\/producto\/virtual-psychologist-consultation\/"]}]},{"@type":"ImageObject","inLanguage":"es","@id":"https:\/\/bodyharmonycirugiaplastica.com\/producto\/virtual-psychologist-consultation\/#primaryimage","url":"https:\/\/bodyharmonycirugiaplastica.com\/wp-content\/uploads\/2024\/02\/5125793.jpg","contentUrl":"https:\/\/bodyharmonycirugiaplastica.com\/wp-content\/uploads\/2024\/02\/5125793.jpg","width":1500,"height":1500},{"@type":"BreadcrumbList","@id":"https:\/\/bodyharmonycirugiaplastica.com\/producto\/virtual-psychologist-consultation\/#breadcrumb","itemListElement":[{"@type":"ListItem","position":1,"name":"Home","item":"https:\/\/bodyharmonycirugiaplastica.com\/"},{"@type":"ListItem","position":2,"name":"BOOK YOUR SERVICE ONLINE","item":"https:\/\/bodyharmonycirugiaplastica.com\/book-your-surgery-with-us\/"},{"@type":"ListItem","position":3,"name":"Virtual Psychologist Consultation"}]},{"@type":"WebSite","@id":"https:\/\/bodyharmonycirugiaplastica.com\/#website","url":"https:\/\/bodyharmonycirugiaplastica.com\/","name":"Body harmony plastic surgery","description":"plastic surgery in cartagena","publisher":{"@id":"https:\/\/bodyharmonycirugiaplastica.com\/#organization"},"potentialAction":[{"@type":"SearchAction","target":{"@type":"EntryPoint","urlTemplate":"https:\/\/bodyharmonycirugiaplastica.com\/?s={search_term_string}"},"query-input":{"@type":"PropertyValueSpecification","valueRequired":true,"valueName":"search_term_string"}}],"inLanguage":"es"},{"@type":"Organization","@id":"https:\/\/bodyharmonycirugiaplastica.com\/#organization","name":"Body Harmony Plastic surgery","url":"https:\/\/bodyharmonycirugiaplastica.com\/","logo":{"@type":"ImageObject","inLanguage":"es","@id":"https:\/\/bodyharmonycirugiaplastica.com\/#\/schema\/logo\/image\/","url":"https:\/\/secureservercdn.net\/198.71.233.83\/uv2.7cd.myftpupload.com\/wp-content\/uploads\/2021\/10\/BODY-HARMONY-logo.png?time=1637080077","contentUrl":"https:\/\/secureservercdn.net\/198.71.233.83\/uv2.7cd.myftpupload.com\/wp-content\/uploads\/2021\/10\/BODY-HARMONY-logo.png?time=1637080077","width":358,"height":177,"caption":"Body Harmony Plastic surgery"},"image":{"@id":"https:\/\/bodyharmonycirugiaplastica.com\/#\/schema\/logo\/image\/"},"sameAs":["https:\/\/www.instagram.com\/bodyharmonycirugiaplastica\/","https:\/\/www.youtube.com\/channel\/UCfydzMSkJpn-PmlKltrEFuw"]}]}},"_links":{"self":[{"href":"https:\/\/bodyharmonycirugiaplastica.com\/es\/wp-json\/wp\/v2\/product\/336801","targetHints":{"allow":["GET"]}}],"collection":[{"href":"https:\/\/bodyharmonycirugiaplastica.com\/es\/wp-json\/wp\/v2\/product"}],"about":[{"href":"https:\/\/bodyharmonycirugiaplastica.com\/es\/wp-json\/wp\/v2\/types\/product"}],"replies":[{"embeddable":true,"href":"https:\/\/bodyharmonycirugiaplastica.com\/es\/wp-json\/wp\/v2\/comments?post=336801"}],"wp:featuredmedia":[{"embeddable":true,"href":"https:\/\/bodyharmonycirugiaplastica.com\/es\/wp-json\/wp\/v2\/media\/336802"}],"wp:attachment":[{"href":"https:\/\/bodyharmonycirugiaplastica.com\/es\/wp-json\/wp\/v2\/media?parent=336801"}],"wp:term":[{"taxonomy":"product_brand","embeddable":true,"href":"https:\/\/bodyharmonycirugiaplastica.com\/es\/wp-json\/wp\/v2\/product_brand?post=336801"},{"taxonomy":"product_cat","embeddable":true,"href":"https:\/\/bodyharmonycirugiaplastica.com\/es\/wp-json\/wp\/v2\/product_cat?post=336801"},{"taxonomy":"product_tag","embeddable":true,"href":"https:\/\/bodyharmonycirugiaplastica.com\/es\/wp-json\/wp\/v2\/product_tag?post=336801"}],"curies":[{"name":"wp","href":"https:\/\/api.w.org\/{rel}","templated":true}]}}