{"id":336143,"date":"2023-01-17T03:24:54","date_gmt":"2023-01-17T03:24:54","guid":{"rendered":"https:\/\/bodyharmonycirugiaplastica.com\/?post_type=product&#038;p=336143"},"modified":"2024-02-19T23:10:19","modified_gmt":"2024-02-19T23:10:19","slug":"hyperbaric-chamber-x-3-sessions","status":"publish","type":"product","link":"https:\/\/bodyharmonycirugiaplastica.com\/es\/producto\/hyperbaric-chamber-x-3-sessions\/","title":{"rendered":"Hyperbaric chamber x 3 sessions"},"content":{"rendered":"<p>[et_pb_section fb_built=&#8221;1&#8243; _builder_version=&#8221;4.16&#8243; custom_padding=&#8221;0px||||false|false&#8221; global_colors_info=&#8221;{}&#8221;][et_pb_row _builder_version=&#8221;4.16&#8243; background_size=&#8221;initial&#8221; background_position=&#8221;top_left&#8221; background_repeat=&#8221;repeat&#8221; width=&#8221;100%&#8221; custom_padding=&#8221;0px||0px||false|false&#8221; global_colors_info=&#8221;{}&#8221;][et_pb_column type=&#8221;4_4&#8243; _builder_version=&#8221;4.16&#8243; custom_padding=&#8221;|||&#8221; global_colors_info=&#8221;{}&#8221; custom_padding__hover=&#8221;|||&#8221;][et_pb_wc_breadcrumb _builder_version=&#8221;4.16&#8243; global_colors_info=&#8221;{}&#8221;][\/et_pb_wc_breadcrumb][et_pb_wc_cart_notice _builder_version=&#8221;4.16&#8243; global_colors_info=&#8221;{}&#8221;][\/et_pb_wc_cart_notice][\/et_pb_column][\/et_pb_row][et_pb_row _builder_version=&#8221;4.16&#8243; background_size=&#8221;initial&#8221; background_position=&#8221;top_left&#8221; background_repeat=&#8221;repeat&#8221; width=&#8221;100%&#8221; custom_padding=&#8221;0px||||false|false&#8221; global_colors_info=&#8221;{}&#8221; column_structure=&#8221;1_2,1_2&#8243;][et_pb_column type=&#8221;1_2&#8243; _builder_version=&#8221;4.16&#8243; custom_padding=&#8221;|||&#8221; global_colors_info=&#8221;{}&#8221; custom_padding__hover=&#8221;|||&#8221;][et_pb_wc_images _builder_version=&#8221;4.16&#8243; global_colors_info=&#8221;{}&#8221;][\/et_pb_wc_images][\/et_pb_column][et_pb_column type=&#8221;1_2&#8243; _builder_version=&#8221;4.16&#8243; custom_padding=&#8221;|||&#8221; global_colors_info=&#8221;{}&#8221; custom_padding__hover=&#8221;|||&#8221;][et_pb_wc_title _builder_version=&#8221;4.16&#8243; global_colors_info=&#8221;{}&#8221;][\/et_pb_wc_title][et_pb_wc_rating _builder_version=&#8221;4.16&#8243; global_colors_info=&#8221;{}&#8221;][\/et_pb_wc_rating][et_pb_wc_price _builder_version=&#8221;4.16&#8243; global_colors_info=&#8221;{}&#8221;][\/et_pb_wc_price][et_pb_wc_description _builder_version=&#8221;4.16&#8243; global_colors_info=&#8221;{}&#8221;][\/et_pb_wc_description][et_pb_code _builder_version=&#8221;4.22.1&#8243; _module_preset=&#8221;default&#8221; hover_enabled=&#8221;0&#8243; sticky_enabled=&#8221;0&#8243;]<\/p>\n<form><!-- [et_pb_line_break_holder] -->            <script src='https:\/\/checkout.epayco.co\/checkout.js'<!-- [et_pb_line_break_holder] -->                data-epayco-key='9265a965cde26e1c1363b19571a9d1c3' <!-- [et_pb_line_break_holder] -->                class='epayco-button' <!-- [et_pb_line_break_holder] -->                data-epayco-amount='150' <!-- [et_pb_line_break_holder] -->                data-epayco-tax='0.00'  <!-- [et_pb_line_break_holder] -->                data-epayco-tax-ico='0.00'               <!-- [et_pb_line_break_holder] -->                data-epayco-tax-base='150'<!-- [et_pb_line_break_holder] -->                data-epayco-name='C\u00c1MARA HIPERB\u00c1RICA X 3 SESIONES' <!-- [et_pb_line_break_holder] -->                data-epayco-description='C\u00c1MARA HIPERB\u00c1RICA X 3 SESIONES' <!-- [et_pb_line_break_holder] -->                data-epayco-currency='usd'    <!-- [et_pb_line_break_holder] -->                data-epayco-country='CO' <!-- [et_pb_line_break_holder] -->                data-epayco-test='false' <!-- [et_pb_line_break_holder] -->                data-epayco-external='false' <!-- [et_pb_line_break_holder] -->                data-epayco-response='https:\/\/bodyharmonycirugiaplastica.com\/es\/producto\/hyperbaric-chamber-x-3-sessions\/'  <!-- [et_pb_line_break_holder] -->                data-epayco-confirmation='' <!-- [et_pb_line_break_holder] -->                data-epayco-button='https:\/\/multimedia.epayco.co\/dashboard\/btns\/btn5.png'> <!-- [et_pb_line_break_holder] -->            <\/script> <!-- [et_pb_line_break_holder] -->        <\/form>\n<p>[\/et_pb_code][et_pb_wc_meta _builder_version=&#8221;4.16&#8243; global_colors_info=&#8221;{}&#8221;][\/et_pb_wc_meta][\/et_pb_column][\/et_pb_row][et_pb_row _builder_version=&#8221;4.16&#8243; background_size=&#8221;initial&#8221; background_position=&#8221;top_left&#8221; background_repeat=&#8221;repeat&#8221; width=&#8221;100%&#8221; global_colors_info=&#8221;{}&#8221;][et_pb_column type=&#8221;4_4&#8243; _builder_version=&#8221;4.16&#8243; custom_padding=&#8221;|||&#8221; global_colors_info=&#8221;{}&#8221; custom_padding__hover=&#8221;|||&#8221;][et_pb_wc_tabs _builder_version=&#8221;4.16&#8243; global_colors_info=&#8221;{}&#8221;]\t\t\t\t\t[\/et_pb_wc_tabs][et_pb_wc_upsells _builder_version=&#8221;4.16&#8243; global_colors_info=&#8221;{}&#8221;][\/et_pb_wc_upsells][et_pb_wc_related_products _builder_version=&#8221;4.16&#8243; global_colors_info=&#8221;{}&#8221;][\/et_pb_wc_related_products][\/et_pb_column][\/et_pb_row][\/et_pb_section]<\/p>\n","protected":false},"excerpt":{"rendered":"","protected":false},"featured_media":358,"comment_status":"open","ping_status":"closed","template":"","meta":{"_et_pb_use_builder":"on","_et_pb_old_content":"<span style=\"color: #171110;\"><span style=\"font-family: Arial, serif;\"><span style=\"font-size: medium;\">Plastic surgery or other cosmetic procedures can be an exciting time in your life, but as we all know, beauty can be painful. The good news is that with Body Harmony Recovery, this is no longer the case! In addition to cosmetic procedures, many women and men are opting for hyperbaric oxygen therapy (HBOT). It reduces swelling and discomfort while supplying your body with 10\u201315 times its normal oxygen supply. As a result, the incisions made during plastic surgery will heal faster and more effectively.<\/span><\/span><\/span>","_et_gb_content_width":"","_joinchat":[]},"product_brand":[],"product_cat":[24],"product_tag":[35],"class_list":{"0":"post-336143","1":"product","2":"type-product","3":"status-publish","4":"has-post-thumbnail","6":"product_cat-sin-categorizar","7":"product_tag-hyperbaric-chamber-x-3-sessions","9":"first","10":"instock","11":"shipping-taxable","12":"purchasable","13":"product-type-simple"},"yoast_head":"<!-- This site is optimized with the Yoast SEO plugin v27.5 - https:\/\/yoast.com\/product\/yoast-seo-wordpress\/ -->\n<title>Hyperbaric chamber x 3 sessions - Bodyharmonycirugiaplastica<\/title>\n<meta name=\"robots\" content=\"index, follow, max-snippet:-1, max-image-preview:large, max-video-preview:-1\" \/>\n<link rel=\"canonical\" href=\"https:\/\/bodyharmonycirugiaplastica.com\/es\/producto\/hyperbaric-chamber-x-3-sessions\/\" \/>\n<meta property=\"og:locale\" content=\"es_ES\" \/>\n<meta property=\"og:type\" content=\"article\" \/>\n<meta property=\"og:title\" content=\"Hyperbaric chamber x 3 sessions - Bodyharmonycirugiaplastica\" \/>\n<meta property=\"og:url\" content=\"https:\/\/bodyharmonycirugiaplastica.com\/es\/producto\/hyperbaric-chamber-x-3-sessions\/\" \/>\n<meta property=\"og:site_name\" content=\"Bodyharmonycirugiaplastica\" \/>\n<meta property=\"article:modified_time\" content=\"2024-02-19T23:10:19+00:00\" \/>\n<meta property=\"og:image\" content=\"https:\/\/bodyharmonycirugiaplastica.com\/wp-content\/uploads\/2021\/08\/5125796.jpg\" \/>\n\t<meta property=\"og:image:width\" content=\"1500\" \/>\n\t<meta property=\"og:image:height\" content=\"1500\" \/>\n\t<meta property=\"og:image:type\" content=\"image\/jpeg\" \/>\n<meta name=\"twitter:card\" content=\"summary_large_image\" \/>\n<meta name=\"twitter:label1\" content=\"Tiempo de lectura\" \/>\n\t<meta name=\"twitter:data1\" content=\"1 minuto\" \/>\n<script type=\"application\/ld+json\" class=\"yoast-schema-graph\">{\"@context\":\"https:\\\/\\\/schema.org\",\"@graph\":[{\"@type\":\"WebPage\",\"@id\":\"https:\\\/\\\/bodyharmonycirugiaplastica.com\\\/producto\\\/hyperbaric-chamber-x-3-sessions\\\/\",\"url\":\"https:\\\/\\\/bodyharmonycirugiaplastica.com\\\/producto\\\/hyperbaric-chamber-x-3-sessions\\\/\",\"name\":\"Hyperbaric chamber x 3 sessions - Bodyharmonycirugiaplastica\",\"isPartOf\":{\"@id\":\"https:\\\/\\\/bodyharmonycirugiaplastica.com\\\/#website\"},\"primaryImageOfPage\":{\"@id\":\"https:\\\/\\\/bodyharmonycirugiaplastica.com\\\/producto\\\/hyperbaric-chamber-x-3-sessions\\\/#primaryimage\"},\"image\":{\"@id\":\"https:\\\/\\\/bodyharmonycirugiaplastica.com\\\/producto\\\/hyperbaric-chamber-x-3-sessions\\\/#primaryimage\"},\"thumbnailUrl\":\"https:\\\/\\\/bodyharmonycirugiaplastica.com\\\/wp-content\\\/uploads\\\/2021\\\/08\\\/5125796.jpg\",\"datePublished\":\"2023-01-17T03:24:54+00:00\",\"dateModified\":\"2024-02-19T23:10:19+00:00\",\"breadcrumb\":{\"@id\":\"https:\\\/\\\/bodyharmonycirugiaplastica.com\\\/producto\\\/hyperbaric-chamber-x-3-sessions\\\/#breadcrumb\"},\"inLanguage\":\"es\",\"potentialAction\":[{\"@type\":\"ReadAction\",\"target\":[\"https:\\\/\\\/bodyharmonycirugiaplastica.com\\\/producto\\\/hyperbaric-chamber-x-3-sessions\\\/\"]}]},{\"@type\":\"ImageObject\",\"inLanguage\":\"es\",\"@id\":\"https:\\\/\\\/bodyharmonycirugiaplastica.com\\\/producto\\\/hyperbaric-chamber-x-3-sessions\\\/#primaryimage\",\"url\":\"https:\\\/\\\/bodyharmonycirugiaplastica.com\\\/wp-content\\\/uploads\\\/2021\\\/08\\\/5125796.jpg\",\"contentUrl\":\"https:\\\/\\\/bodyharmonycirugiaplastica.com\\\/wp-content\\\/uploads\\\/2021\\\/08\\\/5125796.jpg\",\"width\":1500,\"height\":1500},{\"@type\":\"BreadcrumbList\",\"@id\":\"https:\\\/\\\/bodyharmonycirugiaplastica.com\\\/producto\\\/hyperbaric-chamber-x-3-sessions\\\/#breadcrumb\",\"itemListElement\":[{\"@type\":\"ListItem\",\"position\":1,\"name\":\"Home\",\"item\":\"https:\\\/\\\/bodyharmonycirugiaplastica.com\\\/\"},{\"@type\":\"ListItem\",\"position\":2,\"name\":\"BOOK YOUR SERVICE ONLINE\",\"item\":\"https:\\\/\\\/bodyharmonycirugiaplastica.com\\\/book-your-surgery-with-us\\\/\"},{\"@type\":\"ListItem\",\"position\":3,\"name\":\"Hyperbaric chamber x 3 sessions\"}]},{\"@type\":\"WebSite\",\"@id\":\"https:\\\/\\\/bodyharmonycirugiaplastica.com\\\/#website\",\"url\":\"https:\\\/\\\/bodyharmonycirugiaplastica.com\\\/\",\"name\":\"Body harmony plastic surgery\",\"description\":\"plastic surgery in cartagena\",\"publisher\":{\"@id\":\"https:\\\/\\\/bodyharmonycirugiaplastica.com\\\/#organization\"},\"potentialAction\":[{\"@type\":\"SearchAction\",\"target\":{\"@type\":\"EntryPoint\",\"urlTemplate\":\"https:\\\/\\\/bodyharmonycirugiaplastica.com\\\/?s={search_term_string}\"},\"query-input\":{\"@type\":\"PropertyValueSpecification\",\"valueRequired\":true,\"valueName\":\"search_term_string\"}}],\"inLanguage\":\"es\"},{\"@type\":\"Organization\",\"@id\":\"https:\\\/\\\/bodyharmonycirugiaplastica.com\\\/#organization\",\"name\":\"Body Harmony Plastic surgery\",\"url\":\"https:\\\/\\\/bodyharmonycirugiaplastica.com\\\/\",\"logo\":{\"@type\":\"ImageObject\",\"inLanguage\":\"es\",\"@id\":\"https:\\\/\\\/bodyharmonycirugiaplastica.com\\\/#\\\/schema\\\/logo\\\/image\\\/\",\"url\":\"https:\\\/\\\/secureservercdn.net\\\/198.71.233.83\\\/uv2.7cd.myftpupload.com\\\/wp-content\\\/uploads\\\/2021\\\/10\\\/BODY-HARMONY-logo.png?time=1637080077\",\"contentUrl\":\"https:\\\/\\\/secureservercdn.net\\\/198.71.233.83\\\/uv2.7cd.myftpupload.com\\\/wp-content\\\/uploads\\\/2021\\\/10\\\/BODY-HARMONY-logo.png?time=1637080077\",\"width\":358,\"height\":177,\"caption\":\"Body Harmony Plastic surgery\"},\"image\":{\"@id\":\"https:\\\/\\\/bodyharmonycirugiaplastica.com\\\/#\\\/schema\\\/logo\\\/image\\\/\"},\"sameAs\":[\"https:\\\/\\\/www.instagram.com\\\/bodyharmonycirugiaplastica\\\/\",\"https:\\\/\\\/www.youtube.com\\\/channel\\\/UCfydzMSkJpn-PmlKltrEFuw\"]}]}<\/script>\n<!-- \/ Yoast SEO plugin. -->","yoast_head_json":{"title":"Hyperbaric chamber x 3 sessions - Bodyharmonycirugiaplastica","robots":{"index":"index","follow":"follow","max-snippet":"max-snippet:-1","max-image-preview":"max-image-preview:large","max-video-preview":"max-video-preview:-1"},"canonical":"https:\/\/bodyharmonycirugiaplastica.com\/es\/producto\/hyperbaric-chamber-x-3-sessions\/","og_locale":"es_ES","og_type":"article","og_title":"Hyperbaric chamber x 3 sessions - Bodyharmonycirugiaplastica","og_url":"https:\/\/bodyharmonycirugiaplastica.com\/es\/producto\/hyperbaric-chamber-x-3-sessions\/","og_site_name":"Bodyharmonycirugiaplastica","article_modified_time":"2024-02-19T23:10:19+00:00","og_image":[{"width":1500,"height":1500,"url":"https:\/\/bodyharmonycirugiaplastica.com\/wp-content\/uploads\/2021\/08\/5125796.jpg","type":"image\/jpeg"}],"twitter_card":"summary_large_image","twitter_misc":{"Tiempo de lectura":"1 minuto"},"schema":{"@context":"https:\/\/schema.org","@graph":[{"@type":"WebPage","@id":"https:\/\/bodyharmonycirugiaplastica.com\/producto\/hyperbaric-chamber-x-3-sessions\/","url":"https:\/\/bodyharmonycirugiaplastica.com\/producto\/hyperbaric-chamber-x-3-sessions\/","name":"Hyperbaric chamber x 3 sessions - Bodyharmonycirugiaplastica","isPartOf":{"@id":"https:\/\/bodyharmonycirugiaplastica.com\/#website"},"primaryImageOfPage":{"@id":"https:\/\/bodyharmonycirugiaplastica.com\/producto\/hyperbaric-chamber-x-3-sessions\/#primaryimage"},"image":{"@id":"https:\/\/bodyharmonycirugiaplastica.com\/producto\/hyperbaric-chamber-x-3-sessions\/#primaryimage"},"thumbnailUrl":"https:\/\/bodyharmonycirugiaplastica.com\/wp-content\/uploads\/2021\/08\/5125796.jpg","datePublished":"2023-01-17T03:24:54+00:00","dateModified":"2024-02-19T23:10:19+00:00","breadcrumb":{"@id":"https:\/\/bodyharmonycirugiaplastica.com\/producto\/hyperbaric-chamber-x-3-sessions\/#breadcrumb"},"inLanguage":"es","potentialAction":[{"@type":"ReadAction","target":["https:\/\/bodyharmonycirugiaplastica.com\/producto\/hyperbaric-chamber-x-3-sessions\/"]}]},{"@type":"ImageObject","inLanguage":"es","@id":"https:\/\/bodyharmonycirugiaplastica.com\/producto\/hyperbaric-chamber-x-3-sessions\/#primaryimage","url":"https:\/\/bodyharmonycirugiaplastica.com\/wp-content\/uploads\/2021\/08\/5125796.jpg","contentUrl":"https:\/\/bodyharmonycirugiaplastica.com\/wp-content\/uploads\/2021\/08\/5125796.jpg","width":1500,"height":1500},{"@type":"BreadcrumbList","@id":"https:\/\/bodyharmonycirugiaplastica.com\/producto\/hyperbaric-chamber-x-3-sessions\/#breadcrumb","itemListElement":[{"@type":"ListItem","position":1,"name":"Home","item":"https:\/\/bodyharmonycirugiaplastica.com\/"},{"@type":"ListItem","position":2,"name":"BOOK YOUR SERVICE ONLINE","item":"https:\/\/bodyharmonycirugiaplastica.com\/book-your-surgery-with-us\/"},{"@type":"ListItem","position":3,"name":"Hyperbaric chamber x 3 sessions"}]},{"@type":"WebSite","@id":"https:\/\/bodyharmonycirugiaplastica.com\/#website","url":"https:\/\/bodyharmonycirugiaplastica.com\/","name":"Body harmony plastic surgery","description":"plastic surgery in cartagena","publisher":{"@id":"https:\/\/bodyharmonycirugiaplastica.com\/#organization"},"potentialAction":[{"@type":"SearchAction","target":{"@type":"EntryPoint","urlTemplate":"https:\/\/bodyharmonycirugiaplastica.com\/?s={search_term_string}"},"query-input":{"@type":"PropertyValueSpecification","valueRequired":true,"valueName":"search_term_string"}}],"inLanguage":"es"},{"@type":"Organization","@id":"https:\/\/bodyharmonycirugiaplastica.com\/#organization","name":"Body Harmony Plastic surgery","url":"https:\/\/bodyharmonycirugiaplastica.com\/","logo":{"@type":"ImageObject","inLanguage":"es","@id":"https:\/\/bodyharmonycirugiaplastica.com\/#\/schema\/logo\/image\/","url":"https:\/\/secureservercdn.net\/198.71.233.83\/uv2.7cd.myftpupload.com\/wp-content\/uploads\/2021\/10\/BODY-HARMONY-logo.png?time=1637080077","contentUrl":"https:\/\/secureservercdn.net\/198.71.233.83\/uv2.7cd.myftpupload.com\/wp-content\/uploads\/2021\/10\/BODY-HARMONY-logo.png?time=1637080077","width":358,"height":177,"caption":"Body Harmony Plastic surgery"},"image":{"@id":"https:\/\/bodyharmonycirugiaplastica.com\/#\/schema\/logo\/image\/"},"sameAs":["https:\/\/www.instagram.com\/bodyharmonycirugiaplastica\/","https:\/\/www.youtube.com\/channel\/UCfydzMSkJpn-PmlKltrEFuw"]}]}},"_links":{"self":[{"href":"https:\/\/bodyharmonycirugiaplastica.com\/es\/wp-json\/wp\/v2\/product\/336143","targetHints":{"allow":["GET"]}}],"collection":[{"href":"https:\/\/bodyharmonycirugiaplastica.com\/es\/wp-json\/wp\/v2\/product"}],"about":[{"href":"https:\/\/bodyharmonycirugiaplastica.com\/es\/wp-json\/wp\/v2\/types\/product"}],"replies":[{"embeddable":true,"href":"https:\/\/bodyharmonycirugiaplastica.com\/es\/wp-json\/wp\/v2\/comments?post=336143"}],"wp:featuredmedia":[{"embeddable":true,"href":"https:\/\/bodyharmonycirugiaplastica.com\/es\/wp-json\/wp\/v2\/media\/358"}],"wp:attachment":[{"href":"https:\/\/bodyharmonycirugiaplastica.com\/es\/wp-json\/wp\/v2\/media?parent=336143"}],"wp:term":[{"taxonomy":"product_brand","embeddable":true,"href":"https:\/\/bodyharmonycirugiaplastica.com\/es\/wp-json\/wp\/v2\/product_brand?post=336143"},{"taxonomy":"product_cat","embeddable":true,"href":"https:\/\/bodyharmonycirugiaplastica.com\/es\/wp-json\/wp\/v2\/product_cat?post=336143"},{"taxonomy":"product_tag","embeddable":true,"href":"https:\/\/bodyharmonycirugiaplastica.com\/es\/wp-json\/wp\/v2\/product_tag?post=336143"}],"curies":[{"name":"wp","href":"https:\/\/api.w.org\/{rel}","templated":true}]}}