{"id":336025,"date":"2021-11-30T13:44:41","date_gmt":"2021-11-30T13:44:41","guid":{"rendered":"https:\/\/bodyharmonycirugiaplastica.com\/?post_type=product&#038;p=336025"},"modified":"2024-02-21T03:34:36","modified_gmt":"2024-02-21T03:34:36","slug":"book-your-all-inclusive-package-online-2","status":"publish","type":"product","link":"https:\/\/bodyharmonycirugiaplastica.com\/es\/producto\/book-your-all-inclusive-package-online-2\/","title":{"rendered":"Reserva tu paquete todo incluido en linea"},"content":{"rendered":"<p>[et_pb_section fb_built=&#8221;1&#8243; _builder_version=&#8221;4.16&#8243; custom_padding=&#8221;0px||||false|false&#8221; global_colors_info=&#8221;{}&#8221;][et_pb_row _builder_version=&#8221;4.16&#8243; background_size=&#8221;initial&#8221; background_position=&#8221;top_left&#8221; background_repeat=&#8221;repeat&#8221; width=&#8221;100%&#8221; custom_padding=&#8221;0px||0px||false|false&#8221; global_colors_info=&#8221;{}&#8221;][et_pb_column type=&#8221;4_4&#8243; _builder_version=&#8221;4.16&#8243; custom_padding=&#8221;|||&#8221; global_colors_info=&#8221;{}&#8221; custom_padding__hover=&#8221;|||&#8221;][et_pb_wc_breadcrumb _builder_version=&#8221;4.16&#8243; global_colors_info=&#8221;{}&#8221;][\/et_pb_wc_breadcrumb][et_pb_wc_cart_notice _builder_version=&#8221;4.16&#8243; global_colors_info=&#8221;{}&#8221;][\/et_pb_wc_cart_notice][\/et_pb_column][\/et_pb_row][et_pb_row column_structure=&#8221;1_2,1_2&#8243; _builder_version=&#8221;4.16&#8243; background_size=&#8221;initial&#8221; background_position=&#8221;top_left&#8221; background_repeat=&#8221;repeat&#8221; width=&#8221;100%&#8221; custom_padding=&#8221;0px||||false|false&#8221; global_colors_info=&#8221;{}&#8221;][et_pb_column type=&#8221;1_2&#8243; _builder_version=&#8221;4.16&#8243; custom_padding=&#8221;|||&#8221; global_colors_info=&#8221;{}&#8221; custom_padding__hover=&#8221;|||&#8221;][et_pb_wc_images _builder_version=&#8221;4.16&#8243; global_colors_info=&#8221;{}&#8221;][\/et_pb_wc_images][\/et_pb_column][et_pb_column type=&#8221;1_2&#8243; _builder_version=&#8221;4.16&#8243; custom_padding=&#8221;|||&#8221; global_colors_info=&#8221;{}&#8221; custom_padding__hover=&#8221;|||&#8221;][et_pb_wc_title _builder_version=&#8221;4.16&#8243; global_colors_info=&#8221;{}&#8221;][\/et_pb_wc_title][et_pb_wc_rating _builder_version=&#8221;4.16&#8243; global_colors_info=&#8221;{}&#8221;][\/et_pb_wc_rating][et_pb_wc_price _builder_version=&#8221;4.16&#8243; global_colors_info=&#8221;{}&#8221;][\/et_pb_wc_price][et_pb_wc_description _builder_version=&#8221;4.16&#8243; global_colors_info=&#8221;{}&#8221;][\/et_pb_wc_description][et_pb_code _builder_version=&#8221;4.22.1&#8243; _module_preset=&#8221;default&#8221; global_colors_info=&#8221;{}&#8221;]<\/p>\n<form><!-- [et_pb_line_break_holder] -->            <script src='https:\/\/checkout.epayco.co\/checkout.js'<!-- [et_pb_line_break_holder] -->                data-epayco-key='9265a965cde26e1c1363b19571a9d1c3' <!-- [et_pb_line_break_holder] -->                class='epayco-button' <!-- [et_pb_line_break_holder] -->                data-epayco-amount='499' <!-- [et_pb_line_break_holder] -->                data-epayco-tax='0.00'  <!-- [et_pb_line_break_holder] -->                data-epayco-tax-ico='0.00'               <!-- [et_pb_line_break_holder] -->                data-epayco-tax-base='499'<!-- [et_pb_line_break_holder] -->                data-epayco-name='Reserva tu cirugia online' <!-- [et_pb_line_break_holder] -->                data-epayco-description='Reserva tu cirugia online' <!-- [et_pb_line_break_holder] -->                data-epayco-currency='usd'    <!-- [et_pb_line_break_holder] -->                data-epayco-country='CO' <!-- [et_pb_line_break_holder] -->                data-epayco-test='false' <!-- [et_pb_line_break_holder] -->                data-epayco-external='false' <!-- [et_pb_line_break_holder] -->                data-epayco-response='https:\/\/bodyharmonycirugiaplastica.com\/es\/producto\/book-your-all-inclusive-package-online-2\/'  <!-- [et_pb_line_break_holder] -->                data-epayco-confirmation='' <!-- [et_pb_line_break_holder] -->                data-epayco-button='https:\/\/multimedia.epayco.co\/dashboard\/btns\/btn5.png'> <!-- [et_pb_line_break_holder] -->            <\/script> <!-- [et_pb_line_break_holder] -->        <\/form>\n<p>[\/et_pb_code][et_pb_wc_meta _builder_version=&#8221;4.16&#8243; global_colors_info=&#8221;{}&#8221;][\/et_pb_wc_meta][\/et_pb_column][\/et_pb_row][et_pb_row _builder_version=&#8221;4.16&#8243; background_size=&#8221;initial&#8221; background_position=&#8221;top_left&#8221; background_repeat=&#8221;repeat&#8221; width=&#8221;100%&#8221; global_colors_info=&#8221;{}&#8221;][et_pb_column type=&#8221;4_4&#8243; _builder_version=&#8221;4.16&#8243; custom_padding=&#8221;|||&#8221; global_colors_info=&#8221;{}&#8221; custom_padding__hover=&#8221;|||&#8221;][et_pb_wc_tabs _builder_version=&#8221;4.16&#8243; global_colors_info=&#8221;{}&#8221;]\t\t\t\t\t[\/et_pb_wc_tabs][et_pb_wc_upsells _builder_version=&#8221;4.16&#8243; global_colors_info=&#8221;{}&#8221;][\/et_pb_wc_upsells][et_pb_wc_related_products _builder_version=&#8221;4.16&#8243; global_colors_info=&#8221;{}&#8221;][\/et_pb_wc_related_products][\/et_pb_column][\/et_pb_row][\/et_pb_section]<\/p>\n","protected":false},"excerpt":{"rendered":"<p>\u00bfCu\u00e1les son los beneficios de reservar online?<\/p>\n<ul>\n<li>Los precios de los paquetes se mantendr\u00e1n y tendr\u00e1s hasta 3 meses para enviar tus billetes de avi\u00f3n, despu\u00e9s del dep\u00f3sito.<\/li>\n<li>Tendr\u00e1s la oportunidad de reprogramar tu cirug\u00eda hasta 1 a\u00f1o despu\u00e9s (previa reserva con dep\u00f3sito y boletos de avi\u00f3n), sin aumento de precio.<\/li>\n<li>Body Harmony ofrece el apoyo dedicado en todos los aspectos necesarios antes de cualquier procedimiento quir\u00fargico. El programa es un recurso independiente que lo guiar\u00e1 paso a paso para su cirug\u00eda.<\/li>\n<\/ul>\n<p>Conditions and restrictions apply (your BMI has to be under 30 and pass through a virtual consultation to apply for this promotion) The deposit will be discounted from your final budget.<\/p>\n<p>&nbsp;<\/p>","protected":false},"featured_media":355,"comment_status":"open","ping_status":"closed","template":"","meta":{"_et_pb_use_builder":"on","_et_pb_old_content":"What exactly is included?\r\n\r\n\u2022 Virtual consultation with a board-certified surgeon\r\n\u2022 Final budget for the surgery (includes everything)\r\n\u2022 Surgery dates available for surgery\r\n\u2022 Sign your name and contact information with the Hospital and the surgeon in charge of the procedure.\r\n\u2022 Personal assistant by a BHC member to accompany you in person during the entire process of each medical appointment\r\n\u2022 Travel itinerary detailing every detail of your trip, including transportation arrangements with trusted BHC drivers.\r\n\u2022 Make your accommodation reservation (BHC Recovery Suites)\r\n\u2022 Nursing assistance information for your postoperative period\r\n\u2022 Schedule your appointments for any lab tests that may be needed before surgery.\r\n\u2022 Accompaniment service on the day of your surgery and throughout the entire process\r\n\u2022 Plan your postoperative treatments (massages and medical follow-up)\r\n\u2022 Specific information for each day of your trip to Colombia * (your itinerary may change at any time)\r\n\u2022 Customer service support and assistance available during your stay and for six months after the procedure.","_et_gb_content_width":"","_joinchat":[]},"product_brand":[],"product_cat":[25],"product_tag":[],"class_list":{"0":"post-336025","1":"product","2":"type-product","3":"status-publish","4":"has-post-thumbnail","6":"product_cat-surgery","8":"first","9":"instock","10":"shipping-taxable","11":"purchasable","12":"product-type-simple"},"yoast_head":"<!-- This site is optimized with the Yoast SEO plugin v27.5 - https:\/\/yoast.com\/product\/yoast-seo-wordpress\/ -->\n<title>Book your all inclusive package online<\/title>\n<meta name=\"description\" content=\"What are the benefits of booking online? The prices of the packages will be maintained and you will have up to 3 months to send your flight tickets, after the deposit. You will have the opportunity to reschedule your surgery up to 1 year later (after booking with a deposit and flight tickets), without a price increase. Body Harmony offers dedicated support on all sides necessary before any surgical procedure. The program is an independent resource that will guide you step by step for your surgery. Conditions and restrictions apply(your BMI has to be under 30 and pass through a virtual consultation to apply for this promotion)\" \/>\n<meta name=\"robots\" content=\"index, follow, max-snippet:-1, max-image-preview:large, max-video-preview:-1\" \/>\n<link rel=\"canonical\" href=\"https:\/\/bodyharmonycirugiaplastica.com\/es\/producto\/book-your-all-inclusive-package-online-2\/\" \/>\n<meta property=\"og:locale\" content=\"es_ES\" \/>\n<meta property=\"og:type\" content=\"article\" \/>\n<meta property=\"og:title\" content=\"Book your all inclusive package online\" \/>\n<meta property=\"og:description\" content=\"What are the benefits of booking online? The prices of the packages will be maintained and you will have up to 3 months to send your flight tickets, after the deposit. You will have the opportunity to reschedule your surgery up to 1 year later (after booking with a deposit and flight tickets), without a price increase. Body Harmony offers dedicated support on all sides necessary before any surgical procedure. The program is an independent resource that will guide you step by step for your surgery. Conditions and restrictions apply(your BMI has to be under 30 and pass through a virtual consultation to apply for this promotion)\" \/>\n<meta property=\"og:url\" content=\"https:\/\/bodyharmonycirugiaplastica.com\/es\/producto\/book-your-all-inclusive-package-online-2\/\" \/>\n<meta property=\"og:site_name\" content=\"Bodyharmonycirugiaplastica\" \/>\n<meta property=\"article:modified_time\" content=\"2024-02-21T03:34:36+00:00\" \/>\n<meta property=\"og:image\" content=\"https:\/\/bodyharmonycirugiaplastica.com\/wp-content\/uploads\/2021\/08\/5125793-copia.jpg\" \/>\n\t<meta property=\"og:image:width\" content=\"1500\" \/>\n\t<meta property=\"og:image:height\" content=\"1500\" \/>\n\t<meta property=\"og:image:type\" content=\"image\/jpeg\" \/>\n<meta name=\"twitter:card\" content=\"summary_large_image\" \/>\n<meta name=\"twitter:label1\" content=\"Tiempo de lectura\" \/>\n\t<meta name=\"twitter:data1\" content=\"2 minutos\" \/>\n<script type=\"application\/ld+json\" class=\"yoast-schema-graph\">{\"@context\":\"https:\\\/\\\/schema.org\",\"@graph\":[{\"@type\":\"WebPage\",\"@id\":\"https:\\\/\\\/bodyharmonycirugiaplastica.com\\\/producto\\\/book-your-all-inclusive-package-online-2\\\/\",\"url\":\"https:\\\/\\\/bodyharmonycirugiaplastica.com\\\/producto\\\/book-your-all-inclusive-package-online-2\\\/\",\"name\":\"Book your all inclusive package online\",\"isPartOf\":{\"@id\":\"https:\\\/\\\/bodyharmonycirugiaplastica.com\\\/#website\"},\"primaryImageOfPage\":{\"@id\":\"https:\\\/\\\/bodyharmonycirugiaplastica.com\\\/producto\\\/book-your-all-inclusive-package-online-2\\\/#primaryimage\"},\"image\":{\"@id\":\"https:\\\/\\\/bodyharmonycirugiaplastica.com\\\/producto\\\/book-your-all-inclusive-package-online-2\\\/#primaryimage\"},\"thumbnailUrl\":\"https:\\\/\\\/bodyharmonycirugiaplastica.com\\\/wp-content\\\/uploads\\\/2021\\\/08\\\/5125793-copia.jpg\",\"datePublished\":\"2021-11-30T13:44:41+00:00\",\"dateModified\":\"2024-02-21T03:34:36+00:00\",\"description\":\"What are the benefits of booking online? The prices of the packages will be maintained and you will have up to 3 months to send your flight tickets, after the deposit. You will have the opportunity to reschedule your surgery up to 1 year later (after booking with a deposit and flight tickets), without a price increase. Body Harmony offers dedicated support on all sides necessary before any surgical procedure. The program is an independent resource that will guide you step by step for your surgery. Conditions and restrictions apply(your BMI has to be under 30 and pass through a virtual consultation to apply for this promotion)\",\"breadcrumb\":{\"@id\":\"https:\\\/\\\/bodyharmonycirugiaplastica.com\\\/producto\\\/book-your-all-inclusive-package-online-2\\\/#breadcrumb\"},\"inLanguage\":\"es\",\"potentialAction\":[{\"@type\":\"ReadAction\",\"target\":[\"https:\\\/\\\/bodyharmonycirugiaplastica.com\\\/producto\\\/book-your-all-inclusive-package-online-2\\\/\"]}]},{\"@type\":\"ImageObject\",\"inLanguage\":\"es\",\"@id\":\"https:\\\/\\\/bodyharmonycirugiaplastica.com\\\/producto\\\/book-your-all-inclusive-package-online-2\\\/#primaryimage\",\"url\":\"https:\\\/\\\/bodyharmonycirugiaplastica.com\\\/wp-content\\\/uploads\\\/2021\\\/08\\\/5125793-copia.jpg\",\"contentUrl\":\"https:\\\/\\\/bodyharmonycirugiaplastica.com\\\/wp-content\\\/uploads\\\/2021\\\/08\\\/5125793-copia.jpg\",\"width\":1500,\"height\":1500},{\"@type\":\"BreadcrumbList\",\"@id\":\"https:\\\/\\\/bodyharmonycirugiaplastica.com\\\/producto\\\/book-your-all-inclusive-package-online-2\\\/#breadcrumb\",\"itemListElement\":[{\"@type\":\"ListItem\",\"position\":1,\"name\":\"Home\",\"item\":\"https:\\\/\\\/bodyharmonycirugiaplastica.com\\\/\"},{\"@type\":\"ListItem\",\"position\":2,\"name\":\"BOOK YOUR SERVICE ONLINE\",\"item\":\"https:\\\/\\\/bodyharmonycirugiaplastica.com\\\/book-your-surgery-with-us\\\/\"},{\"@type\":\"ListItem\",\"position\":3,\"name\":\"BOOK YOUR ALL INCLUSIVE PACKAGE WITH US\"}]},{\"@type\":\"WebSite\",\"@id\":\"https:\\\/\\\/bodyharmonycirugiaplastica.com\\\/#website\",\"url\":\"https:\\\/\\\/bodyharmonycirugiaplastica.com\\\/\",\"name\":\"Body harmony plastic surgery\",\"description\":\"plastic surgery in cartagena\",\"publisher\":{\"@id\":\"https:\\\/\\\/bodyharmonycirugiaplastica.com\\\/#organization\"},\"potentialAction\":[{\"@type\":\"SearchAction\",\"target\":{\"@type\":\"EntryPoint\",\"urlTemplate\":\"https:\\\/\\\/bodyharmonycirugiaplastica.com\\\/?s={search_term_string}\"},\"query-input\":{\"@type\":\"PropertyValueSpecification\",\"valueRequired\":true,\"valueName\":\"search_term_string\"}}],\"inLanguage\":\"es\"},{\"@type\":\"Organization\",\"@id\":\"https:\\\/\\\/bodyharmonycirugiaplastica.com\\\/#organization\",\"name\":\"Body Harmony Plastic surgery\",\"url\":\"https:\\\/\\\/bodyharmonycirugiaplastica.com\\\/\",\"logo\":{\"@type\":\"ImageObject\",\"inLanguage\":\"es\",\"@id\":\"https:\\\/\\\/bodyharmonycirugiaplastica.com\\\/#\\\/schema\\\/logo\\\/image\\\/\",\"url\":\"https:\\\/\\\/secureservercdn.net\\\/198.71.233.83\\\/uv2.7cd.myftpupload.com\\\/wp-content\\\/uploads\\\/2021\\\/10\\\/BODY-HARMONY-logo.png?time=1637080077\",\"contentUrl\":\"https:\\\/\\\/secureservercdn.net\\\/198.71.233.83\\\/uv2.7cd.myftpupload.com\\\/wp-content\\\/uploads\\\/2021\\\/10\\\/BODY-HARMONY-logo.png?time=1637080077\",\"width\":358,\"height\":177,\"caption\":\"Body Harmony Plastic surgery\"},\"image\":{\"@id\":\"https:\\\/\\\/bodyharmonycirugiaplastica.com\\\/#\\\/schema\\\/logo\\\/image\\\/\"},\"sameAs\":[\"https:\\\/\\\/www.instagram.com\\\/bodyharmonycirugiaplastica\\\/\",\"https:\\\/\\\/www.youtube.com\\\/channel\\\/UCfydzMSkJpn-PmlKltrEFuw\"]}]}<\/script>\n<!-- \/ Yoast SEO plugin. -->","yoast_head_json":{"title":"Book your all inclusive package online","description":"What are the benefits of booking online? The prices of the packages will be maintained and you will have up to 3 months to send your flight tickets, after the deposit. You will have the opportunity to reschedule your surgery up to 1 year later (after booking with a deposit and flight tickets), without a price increase. Body Harmony offers dedicated support on all sides necessary before any surgical procedure. The program is an independent resource that will guide you step by step for your surgery. Conditions and restrictions apply(your BMI has to be under 30 and pass through a virtual consultation to apply for this promotion)","robots":{"index":"index","follow":"follow","max-snippet":"max-snippet:-1","max-image-preview":"max-image-preview:large","max-video-preview":"max-video-preview:-1"},"canonical":"https:\/\/bodyharmonycirugiaplastica.com\/es\/producto\/book-your-all-inclusive-package-online-2\/","og_locale":"es_ES","og_type":"article","og_title":"Book your all inclusive package online","og_description":"What are the benefits of booking online? The prices of the packages will be maintained and you will have up to 3 months to send your flight tickets, after the deposit. You will have the opportunity to reschedule your surgery up to 1 year later (after booking with a deposit and flight tickets), without a price increase. Body Harmony offers dedicated support on all sides necessary before any surgical procedure. The program is an independent resource that will guide you step by step for your surgery. Conditions and restrictions apply(your BMI has to be under 30 and pass through a virtual consultation to apply for this promotion)","og_url":"https:\/\/bodyharmonycirugiaplastica.com\/es\/producto\/book-your-all-inclusive-package-online-2\/","og_site_name":"Bodyharmonycirugiaplastica","article_modified_time":"2024-02-21T03:34:36+00:00","og_image":[{"width":1500,"height":1500,"url":"https:\/\/bodyharmonycirugiaplastica.com\/wp-content\/uploads\/2021\/08\/5125793-copia.jpg","type":"image\/jpeg"}],"twitter_card":"summary_large_image","twitter_misc":{"Tiempo de lectura":"2 minutos"},"schema":{"@context":"https:\/\/schema.org","@graph":[{"@type":"WebPage","@id":"https:\/\/bodyharmonycirugiaplastica.com\/producto\/book-your-all-inclusive-package-online-2\/","url":"https:\/\/bodyharmonycirugiaplastica.com\/producto\/book-your-all-inclusive-package-online-2\/","name":"Book your all inclusive package online","isPartOf":{"@id":"https:\/\/bodyharmonycirugiaplastica.com\/#website"},"primaryImageOfPage":{"@id":"https:\/\/bodyharmonycirugiaplastica.com\/producto\/book-your-all-inclusive-package-online-2\/#primaryimage"},"image":{"@id":"https:\/\/bodyharmonycirugiaplastica.com\/producto\/book-your-all-inclusive-package-online-2\/#primaryimage"},"thumbnailUrl":"https:\/\/bodyharmonycirugiaplastica.com\/wp-content\/uploads\/2021\/08\/5125793-copia.jpg","datePublished":"2021-11-30T13:44:41+00:00","dateModified":"2024-02-21T03:34:36+00:00","description":"What are the benefits of booking online? The prices of the packages will be maintained and you will have up to 3 months to send your flight tickets, after the deposit. You will have the opportunity to reschedule your surgery up to 1 year later (after booking with a deposit and flight tickets), without a price increase. Body Harmony offers dedicated support on all sides necessary before any surgical procedure. The program is an independent resource that will guide you step by step for your surgery. Conditions and restrictions apply(your BMI has to be under 30 and pass through a virtual consultation to apply for this promotion)","breadcrumb":{"@id":"https:\/\/bodyharmonycirugiaplastica.com\/producto\/book-your-all-inclusive-package-online-2\/#breadcrumb"},"inLanguage":"es","potentialAction":[{"@type":"ReadAction","target":["https:\/\/bodyharmonycirugiaplastica.com\/producto\/book-your-all-inclusive-package-online-2\/"]}]},{"@type":"ImageObject","inLanguage":"es","@id":"https:\/\/bodyharmonycirugiaplastica.com\/producto\/book-your-all-inclusive-package-online-2\/#primaryimage","url":"https:\/\/bodyharmonycirugiaplastica.com\/wp-content\/uploads\/2021\/08\/5125793-copia.jpg","contentUrl":"https:\/\/bodyharmonycirugiaplastica.com\/wp-content\/uploads\/2021\/08\/5125793-copia.jpg","width":1500,"height":1500},{"@type":"BreadcrumbList","@id":"https:\/\/bodyharmonycirugiaplastica.com\/producto\/book-your-all-inclusive-package-online-2\/#breadcrumb","itemListElement":[{"@type":"ListItem","position":1,"name":"Home","item":"https:\/\/bodyharmonycirugiaplastica.com\/"},{"@type":"ListItem","position":2,"name":"BOOK YOUR SERVICE ONLINE","item":"https:\/\/bodyharmonycirugiaplastica.com\/book-your-surgery-with-us\/"},{"@type":"ListItem","position":3,"name":"BOOK YOUR ALL INCLUSIVE PACKAGE WITH US"}]},{"@type":"WebSite","@id":"https:\/\/bodyharmonycirugiaplastica.com\/#website","url":"https:\/\/bodyharmonycirugiaplastica.com\/","name":"Body harmony plastic surgery","description":"plastic surgery in cartagena","publisher":{"@id":"https:\/\/bodyharmonycirugiaplastica.com\/#organization"},"potentialAction":[{"@type":"SearchAction","target":{"@type":"EntryPoint","urlTemplate":"https:\/\/bodyharmonycirugiaplastica.com\/?s={search_term_string}"},"query-input":{"@type":"PropertyValueSpecification","valueRequired":true,"valueName":"search_term_string"}}],"inLanguage":"es"},{"@type":"Organization","@id":"https:\/\/bodyharmonycirugiaplastica.com\/#organization","name":"Body Harmony Plastic surgery","url":"https:\/\/bodyharmonycirugiaplastica.com\/","logo":{"@type":"ImageObject","inLanguage":"es","@id":"https:\/\/bodyharmonycirugiaplastica.com\/#\/schema\/logo\/image\/","url":"https:\/\/secureservercdn.net\/198.71.233.83\/uv2.7cd.myftpupload.com\/wp-content\/uploads\/2021\/10\/BODY-HARMONY-logo.png?time=1637080077","contentUrl":"https:\/\/secureservercdn.net\/198.71.233.83\/uv2.7cd.myftpupload.com\/wp-content\/uploads\/2021\/10\/BODY-HARMONY-logo.png?time=1637080077","width":358,"height":177,"caption":"Body Harmony Plastic surgery"},"image":{"@id":"https:\/\/bodyharmonycirugiaplastica.com\/#\/schema\/logo\/image\/"},"sameAs":["https:\/\/www.instagram.com\/bodyharmonycirugiaplastica\/","https:\/\/www.youtube.com\/channel\/UCfydzMSkJpn-PmlKltrEFuw"]}]}},"_links":{"self":[{"href":"https:\/\/bodyharmonycirugiaplastica.com\/es\/wp-json\/wp\/v2\/product\/336025","targetHints":{"allow":["GET"]}}],"collection":[{"href":"https:\/\/bodyharmonycirugiaplastica.com\/es\/wp-json\/wp\/v2\/product"}],"about":[{"href":"https:\/\/bodyharmonycirugiaplastica.com\/es\/wp-json\/wp\/v2\/types\/product"}],"replies":[{"embeddable":true,"href":"https:\/\/bodyharmonycirugiaplastica.com\/es\/wp-json\/wp\/v2\/comments?post=336025"}],"wp:featuredmedia":[{"embeddable":true,"href":"https:\/\/bodyharmonycirugiaplastica.com\/es\/wp-json\/wp\/v2\/media\/355"}],"wp:attachment":[{"href":"https:\/\/bodyharmonycirugiaplastica.com\/es\/wp-json\/wp\/v2\/media?parent=336025"}],"wp:term":[{"taxonomy":"product_brand","embeddable":true,"href":"https:\/\/bodyharmonycirugiaplastica.com\/es\/wp-json\/wp\/v2\/product_brand?post=336025"},{"taxonomy":"product_cat","embeddable":true,"href":"https:\/\/bodyharmonycirugiaplastica.com\/es\/wp-json\/wp\/v2\/product_cat?post=336025"},{"taxonomy":"product_tag","embeddable":true,"href":"https:\/\/bodyharmonycirugiaplastica.com\/es\/wp-json\/wp\/v2\/product_tag?post=336025"}],"curies":[{"name":"wp","href":"https:\/\/api.w.org\/{rel}","templated":true}]}}