{"id":336024,"date":"2021-11-30T12:51:32","date_gmt":"2021-11-30T12:51:32","guid":{"rendered":"https:\/\/bodyharmonycirugiaplastica.com\/?post_type=product&#038;p=336024"},"modified":"2024-01-17T14:14:33","modified_gmt":"2024-01-17T14:14:33","slug":"virtual-assistant","status":"publish","type":"product","link":"https:\/\/bodyharmonycirugiaplastica.com\/es\/producto\/virtual-assistant\/","title":{"rendered":"Asistente virtual"},"content":{"rendered":"<p>[et_pb_section fb_built=&#8221;1&#8243; _builder_version=&#8221;4.16&#8243; custom_padding=&#8221;0px||||false|false&#8221; global_colors_info=&#8221;{}&#8221;][et_pb_row _builder_version=&#8221;4.16&#8243; background_size=&#8221;initial&#8221; background_position=&#8221;top_left&#8221; background_repeat=&#8221;repeat&#8221; width=&#8221;100%&#8221; custom_padding=&#8221;0px||0px||false|false&#8221; global_colors_info=&#8221;{}&#8221;][et_pb_column type=&#8221;4_4&#8243; _builder_version=&#8221;4.16&#8243; custom_padding=&#8221;|||&#8221; global_colors_info=&#8221;{}&#8221; custom_padding__hover=&#8221;|||&#8221;][et_pb_wc_breadcrumb _builder_version=&#8221;4.16&#8243; global_colors_info=&#8221;{}&#8221;][\/et_pb_wc_breadcrumb][et_pb_wc_cart_notice _builder_version=&#8221;4.16&#8243; global_colors_info=&#8221;{}&#8221;][\/et_pb_wc_cart_notice][\/et_pb_column][\/et_pb_row][et_pb_row _builder_version=&#8221;4.16&#8243; background_size=&#8221;initial&#8221; background_position=&#8221;top_left&#8221; background_repeat=&#8221;repeat&#8221; width=&#8221;100%&#8221; custom_padding=&#8221;0px||||false|false&#8221; global_colors_info=&#8221;{}&#8221; column_structure=&#8221;1_2,1_2&#8243;][et_pb_column type=&#8221;1_2&#8243; _builder_version=&#8221;4.16&#8243; custom_padding=&#8221;|||&#8221; global_colors_info=&#8221;{}&#8221; custom_padding__hover=&#8221;|||&#8221;][et_pb_wc_images _builder_version=&#8221;4.16&#8243; global_colors_info=&#8221;{}&#8221;][\/et_pb_wc_images][\/et_pb_column][et_pb_column type=&#8221;1_2&#8243; _builder_version=&#8221;4.16&#8243; custom_padding=&#8221;|||&#8221; global_colors_info=&#8221;{}&#8221; custom_padding__hover=&#8221;|||&#8221;][et_pb_wc_title _builder_version=&#8221;4.16&#8243; global_colors_info=&#8221;{}&#8221;][\/et_pb_wc_title][et_pb_wc_rating _builder_version=&#8221;4.16&#8243; global_colors_info=&#8221;{}&#8221;][\/et_pb_wc_rating][et_pb_wc_price _builder_version=&#8221;4.16&#8243; global_colors_info=&#8221;{}&#8221;][\/et_pb_wc_price][et_pb_wc_description _builder_version=&#8221;4.16&#8243; global_colors_info=&#8221;{}&#8221;][\/et_pb_wc_description][et_pb_code _builder_version=&#8221;4.22.1&#8243; _module_preset=&#8221;default&#8221; hover_enabled=&#8221;0&#8243; sticky_enabled=&#8221;0&#8243;]<\/p>\n<form><!-- [et_pb_line_break_holder] -->            <script src='https:\/\/checkout.epayco.co\/checkout.js'<!-- [et_pb_line_break_holder] -->                data-epayco-key='9265a965cde26e1c1363b19571a9d1c3' <!-- [et_pb_line_break_holder] -->                class='epayco-button' <!-- [et_pb_line_break_holder] -->                data-epayco-amount='200' <!-- [et_pb_line_break_holder] -->                data-epayco-tax='0.00'  <!-- [et_pb_line_break_holder] -->                data-epayco-tax-ico='0.00'               <!-- [et_pb_line_break_holder] -->                data-epayco-tax-base='200'<!-- [et_pb_line_break_holder] -->                data-epayco-name='ASISTENTE VIRTUAL' <!-- [et_pb_line_break_holder] -->                data-epayco-description='ASISTENTE VIRTUAL' <!-- [et_pb_line_break_holder] -->                data-epayco-currency='usd'    <!-- [et_pb_line_break_holder] -->                data-epayco-country='CO' <!-- [et_pb_line_break_holder] -->                data-epayco-test='false' <!-- [et_pb_line_break_holder] -->                data-epayco-external='false' <!-- [et_pb_line_break_holder] -->                data-epayco-response='https:\/\/bodyharmonycirugiaplastica.com\/es\/producto\/virtual-assistant\/'  <!-- [et_pb_line_break_holder] -->                data-epayco-confirmation='' <!-- [et_pb_line_break_holder] -->                data-epayco-button='https:\/\/multimedia.epayco.co\/dashboard\/btns\/btn5.png'> <!-- [et_pb_line_break_holder] -->            <\/script> <!-- [et_pb_line_break_holder] -->        <\/form>\n<p>[\/et_pb_code][et_pb_wc_meta _builder_version=&#8221;4.16&#8243; global_colors_info=&#8221;{}&#8221;][\/et_pb_wc_meta][\/et_pb_column][\/et_pb_row][et_pb_row _builder_version=&#8221;4.16&#8243; background_size=&#8221;initial&#8221; background_position=&#8221;top_left&#8221; background_repeat=&#8221;repeat&#8221; width=&#8221;100%&#8221; global_colors_info=&#8221;{}&#8221;][et_pb_column type=&#8221;4_4&#8243; _builder_version=&#8221;4.16&#8243; custom_padding=&#8221;|||&#8221; global_colors_info=&#8221;{}&#8221; custom_padding__hover=&#8221;|||&#8221;][et_pb_wc_tabs _builder_version=&#8221;4.16&#8243; global_colors_info=&#8221;{}&#8221;]\t\t\t\t\t[\/et_pb_wc_tabs][et_pb_wc_upsells _builder_version=&#8221;4.16&#8243; global_colors_info=&#8221;{}&#8221;][\/et_pb_wc_upsells][et_pb_wc_related_products _builder_version=&#8221;4.16&#8243; global_colors_info=&#8221;{}&#8221;][\/et_pb_wc_related_products][\/et_pb_column][\/et_pb_row][\/et_pb_section]<\/p>\n","protected":false},"excerpt":{"rendered":"<p><strong>\u00bfQu\u00e9 se incluye exactamente?<\/strong><\/p>\n<ul>\n<li>Consulta virtual con un Cirujano Certificado por la Junta<\/li>\n<li>Presupuesto Final de Cirug\u00eda (Incluye Todo)<\/li>\n<li>Fechas de Cirug\u00eda Que Est\u00e1n Disponibles para cirug\u00eda<\/li>\n<li>Firme su nombre e informaci\u00f3n de contacto con el Hospital y<br \/>\ncirujano a cargo del procedimiento<\/li>\n<li>Presupuesto Detallado Dise\u00f1ado para Sus Necesidades Postoperatorias<\/li>\n<li>Un asistente virtual de BHC le acompa\u00f1ar\u00e1 durante todo el proceso (comm<br \/>\nde la unidad a trav\u00e9s del tel\u00e9fono o WhatsApp)<\/li>\n<li>Servicio al cliente soporte y asistencia con todo el proceso quir\u00fargico<\/li>\n<\/ul>","protected":false},"featured_media":336034,"comment_status":"open","ping_status":"closed","template":"","meta":{"_et_pb_use_builder":"on","_et_pb_old_content":"Body Harmony is becoming a cost-effective resource to avoid over charge in plastic surgery, our VIRTUAL ASSISTANT package is a result of a research and analysis prices offered by different surgeons inside Colombia, in order to warranty the best option for your case.","_et_gb_content_width":"","_joinchat":[]},"product_brand":[],"product_cat":[25],"product_tag":[],"class_list":{"0":"post-336024","1":"product","2":"type-product","3":"status-publish","4":"has-post-thumbnail","6":"product_cat-surgery","8":"first","9":"instock","10":"sale","11":"shipping-taxable","12":"purchasable","13":"product-type-simple"},"yoast_head":"<!-- This site is optimized with the Yoast SEO plugin v27.5 - https:\/\/yoast.com\/product\/yoast-seo-wordpress\/ -->\n<title>VIRTUAL ASSISTANT - Bodyharmonycirugiaplastica<\/title>\n<meta name=\"robots\" content=\"index, follow, max-snippet:-1, max-image-preview:large, max-video-preview:-1\" \/>\n<link rel=\"canonical\" href=\"https:\/\/bodyharmonycirugiaplastica.com\/es\/producto\/virtual-assistant\/\" \/>\n<meta property=\"og:locale\" content=\"es_ES\" \/>\n<meta property=\"og:type\" content=\"article\" \/>\n<meta property=\"og:title\" content=\"VIRTUAL ASSISTANT - Bodyharmonycirugiaplastica\" \/>\n<meta property=\"og:description\" content=\"What exactly is included?   Virtual consultation with a Board Certified Surgeon  Final Surgery Budget (Includes Everything)  Surgery Dates That Are Available for surgery  Sign your name and contact information with the Hospital and surgeon in charge of the procedure  Detailed Budget Designed for Your Post-Op Requirements  A virtual assistant from BHC will accompany you throughout the process (comm unication via phone or WhatsApp)  Client service support and assistance with the entire surgical process\" \/>\n<meta property=\"og:url\" content=\"https:\/\/bodyharmonycirugiaplastica.com\/es\/producto\/virtual-assistant\/\" \/>\n<meta property=\"og:site_name\" content=\"Bodyharmonycirugiaplastica\" \/>\n<meta property=\"article:modified_time\" content=\"2024-01-17T14:14:33+00:00\" \/>\n<meta property=\"og:image\" content=\"https:\/\/bodyharmonycirugiaplastica.com\/wp-content\/uploads\/2021\/11\/WhatsApp-Image-2021-11-30-at-8.41.02-AM-2.jpeg\" \/>\n\t<meta property=\"og:image:width\" content=\"1080\" \/>\n\t<meta property=\"og:image:height\" content=\"1080\" \/>\n\t<meta property=\"og:image:type\" content=\"image\/jpeg\" \/>\n<meta name=\"twitter:card\" content=\"summary_large_image\" \/>\n<meta name=\"twitter:label1\" content=\"Tiempo de lectura\" \/>\n\t<meta name=\"twitter:data1\" content=\"1 minuto\" \/>\n<script type=\"application\/ld+json\" class=\"yoast-schema-graph\">{\"@context\":\"https:\\\/\\\/schema.org\",\"@graph\":[{\"@type\":\"WebPage\",\"@id\":\"https:\\\/\\\/bodyharmonycirugiaplastica.com\\\/producto\\\/virtual-assistant\\\/\",\"url\":\"https:\\\/\\\/bodyharmonycirugiaplastica.com\\\/producto\\\/virtual-assistant\\\/\",\"name\":\"VIRTUAL ASSISTANT - Bodyharmonycirugiaplastica\",\"isPartOf\":{\"@id\":\"https:\\\/\\\/bodyharmonycirugiaplastica.com\\\/#website\"},\"primaryImageOfPage\":{\"@id\":\"https:\\\/\\\/bodyharmonycirugiaplastica.com\\\/producto\\\/virtual-assistant\\\/#primaryimage\"},\"image\":{\"@id\":\"https:\\\/\\\/bodyharmonycirugiaplastica.com\\\/producto\\\/virtual-assistant\\\/#primaryimage\"},\"thumbnailUrl\":\"https:\\\/\\\/bodyharmonycirugiaplastica.com\\\/wp-content\\\/uploads\\\/2021\\\/11\\\/WhatsApp-Image-2021-11-30-at-8.41.02-AM-2.jpeg\",\"datePublished\":\"2021-11-30T12:51:32+00:00\",\"dateModified\":\"2024-01-17T14:14:33+00:00\",\"breadcrumb\":{\"@id\":\"https:\\\/\\\/bodyharmonycirugiaplastica.com\\\/producto\\\/virtual-assistant\\\/#breadcrumb\"},\"inLanguage\":\"es\",\"potentialAction\":[{\"@type\":\"ReadAction\",\"target\":[\"https:\\\/\\\/bodyharmonycirugiaplastica.com\\\/producto\\\/virtual-assistant\\\/\"]}]},{\"@type\":\"ImageObject\",\"inLanguage\":\"es\",\"@id\":\"https:\\\/\\\/bodyharmonycirugiaplastica.com\\\/producto\\\/virtual-assistant\\\/#primaryimage\",\"url\":\"https:\\\/\\\/bodyharmonycirugiaplastica.com\\\/wp-content\\\/uploads\\\/2021\\\/11\\\/WhatsApp-Image-2021-11-30-at-8.41.02-AM-2.jpeg\",\"contentUrl\":\"https:\\\/\\\/bodyharmonycirugiaplastica.com\\\/wp-content\\\/uploads\\\/2021\\\/11\\\/WhatsApp-Image-2021-11-30-at-8.41.02-AM-2.jpeg\",\"width\":1080,\"height\":1080,\"caption\":\"Conoce todos nuestros servicios en Body Harmony -Plastic surgery - we offer free consultation\"},{\"@type\":\"BreadcrumbList\",\"@id\":\"https:\\\/\\\/bodyharmonycirugiaplastica.com\\\/producto\\\/virtual-assistant\\\/#breadcrumb\",\"itemListElement\":[{\"@type\":\"ListItem\",\"position\":1,\"name\":\"Home\",\"item\":\"https:\\\/\\\/bodyharmonycirugiaplastica.com\\\/\"},{\"@type\":\"ListItem\",\"position\":2,\"name\":\"BOOK YOUR SERVICE ONLINE\",\"item\":\"https:\\\/\\\/bodyharmonycirugiaplastica.com\\\/book-your-surgery-with-us\\\/\"},{\"@type\":\"ListItem\",\"position\":3,\"name\":\"VIRTUAL ASSISTANT\"}]},{\"@type\":\"WebSite\",\"@id\":\"https:\\\/\\\/bodyharmonycirugiaplastica.com\\\/#website\",\"url\":\"https:\\\/\\\/bodyharmonycirugiaplastica.com\\\/\",\"name\":\"Body harmony plastic surgery\",\"description\":\"plastic surgery in cartagena\",\"publisher\":{\"@id\":\"https:\\\/\\\/bodyharmonycirugiaplastica.com\\\/#organization\"},\"potentialAction\":[{\"@type\":\"SearchAction\",\"target\":{\"@type\":\"EntryPoint\",\"urlTemplate\":\"https:\\\/\\\/bodyharmonycirugiaplastica.com\\\/?s={search_term_string}\"},\"query-input\":{\"@type\":\"PropertyValueSpecification\",\"valueRequired\":true,\"valueName\":\"search_term_string\"}}],\"inLanguage\":\"es\"},{\"@type\":\"Organization\",\"@id\":\"https:\\\/\\\/bodyharmonycirugiaplastica.com\\\/#organization\",\"name\":\"Body Harmony Plastic surgery\",\"url\":\"https:\\\/\\\/bodyharmonycirugiaplastica.com\\\/\",\"logo\":{\"@type\":\"ImageObject\",\"inLanguage\":\"es\",\"@id\":\"https:\\\/\\\/bodyharmonycirugiaplastica.com\\\/#\\\/schema\\\/logo\\\/image\\\/\",\"url\":\"https:\\\/\\\/secureservercdn.net\\\/198.71.233.83\\\/uv2.7cd.myftpupload.com\\\/wp-content\\\/uploads\\\/2021\\\/10\\\/BODY-HARMONY-logo.png?time=1637080077\",\"contentUrl\":\"https:\\\/\\\/secureservercdn.net\\\/198.71.233.83\\\/uv2.7cd.myftpupload.com\\\/wp-content\\\/uploads\\\/2021\\\/10\\\/BODY-HARMONY-logo.png?time=1637080077\",\"width\":358,\"height\":177,\"caption\":\"Body Harmony Plastic surgery\"},\"image\":{\"@id\":\"https:\\\/\\\/bodyharmonycirugiaplastica.com\\\/#\\\/schema\\\/logo\\\/image\\\/\"},\"sameAs\":[\"https:\\\/\\\/www.instagram.com\\\/bodyharmonycirugiaplastica\\\/\",\"https:\\\/\\\/www.youtube.com\\\/channel\\\/UCfydzMSkJpn-PmlKltrEFuw\"]}]}<\/script>\n<!-- \/ Yoast SEO plugin. -->","yoast_head_json":{"title":"VIRTUAL ASSISTANT - Bodyharmonycirugiaplastica","robots":{"index":"index","follow":"follow","max-snippet":"max-snippet:-1","max-image-preview":"max-image-preview:large","max-video-preview":"max-video-preview:-1"},"canonical":"https:\/\/bodyharmonycirugiaplastica.com\/es\/producto\/virtual-assistant\/","og_locale":"es_ES","og_type":"article","og_title":"VIRTUAL ASSISTANT - Bodyharmonycirugiaplastica","og_description":"What exactly is included?   Virtual consultation with a Board Certified Surgeon  Final Surgery Budget (Includes Everything)  Surgery Dates That Are Available for surgery  Sign your name and contact information with the Hospital and surgeon in charge of the procedure  Detailed Budget Designed for Your Post-Op Requirements  A virtual assistant from BHC will accompany you throughout the process (comm unication via phone or WhatsApp)  Client service support and assistance with the entire surgical process","og_url":"https:\/\/bodyharmonycirugiaplastica.com\/es\/producto\/virtual-assistant\/","og_site_name":"Bodyharmonycirugiaplastica","article_modified_time":"2024-01-17T14:14:33+00:00","og_image":[{"width":1080,"height":1080,"url":"https:\/\/bodyharmonycirugiaplastica.com\/wp-content\/uploads\/2021\/11\/WhatsApp-Image-2021-11-30-at-8.41.02-AM-2.jpeg","type":"image\/jpeg"}],"twitter_card":"summary_large_image","twitter_misc":{"Tiempo de lectura":"1 minuto"},"schema":{"@context":"https:\/\/schema.org","@graph":[{"@type":"WebPage","@id":"https:\/\/bodyharmonycirugiaplastica.com\/producto\/virtual-assistant\/","url":"https:\/\/bodyharmonycirugiaplastica.com\/producto\/virtual-assistant\/","name":"VIRTUAL ASSISTANT - Bodyharmonycirugiaplastica","isPartOf":{"@id":"https:\/\/bodyharmonycirugiaplastica.com\/#website"},"primaryImageOfPage":{"@id":"https:\/\/bodyharmonycirugiaplastica.com\/producto\/virtual-assistant\/#primaryimage"},"image":{"@id":"https:\/\/bodyharmonycirugiaplastica.com\/producto\/virtual-assistant\/#primaryimage"},"thumbnailUrl":"https:\/\/bodyharmonycirugiaplastica.com\/wp-content\/uploads\/2021\/11\/WhatsApp-Image-2021-11-30-at-8.41.02-AM-2.jpeg","datePublished":"2021-11-30T12:51:32+00:00","dateModified":"2024-01-17T14:14:33+00:00","breadcrumb":{"@id":"https:\/\/bodyharmonycirugiaplastica.com\/producto\/virtual-assistant\/#breadcrumb"},"inLanguage":"es","potentialAction":[{"@type":"ReadAction","target":["https:\/\/bodyharmonycirugiaplastica.com\/producto\/virtual-assistant\/"]}]},{"@type":"ImageObject","inLanguage":"es","@id":"https:\/\/bodyharmonycirugiaplastica.com\/producto\/virtual-assistant\/#primaryimage","url":"https:\/\/bodyharmonycirugiaplastica.com\/wp-content\/uploads\/2021\/11\/WhatsApp-Image-2021-11-30-at-8.41.02-AM-2.jpeg","contentUrl":"https:\/\/bodyharmonycirugiaplastica.com\/wp-content\/uploads\/2021\/11\/WhatsApp-Image-2021-11-30-at-8.41.02-AM-2.jpeg","width":1080,"height":1080,"caption":"Conoce todos nuestros servicios en Body Harmony -Plastic surgery - we offer free consultation"},{"@type":"BreadcrumbList","@id":"https:\/\/bodyharmonycirugiaplastica.com\/producto\/virtual-assistant\/#breadcrumb","itemListElement":[{"@type":"ListItem","position":1,"name":"Home","item":"https:\/\/bodyharmonycirugiaplastica.com\/"},{"@type":"ListItem","position":2,"name":"BOOK YOUR SERVICE ONLINE","item":"https:\/\/bodyharmonycirugiaplastica.com\/book-your-surgery-with-us\/"},{"@type":"ListItem","position":3,"name":"VIRTUAL ASSISTANT"}]},{"@type":"WebSite","@id":"https:\/\/bodyharmonycirugiaplastica.com\/#website","url":"https:\/\/bodyharmonycirugiaplastica.com\/","name":"Body harmony plastic surgery","description":"plastic surgery in cartagena","publisher":{"@id":"https:\/\/bodyharmonycirugiaplastica.com\/#organization"},"potentialAction":[{"@type":"SearchAction","target":{"@type":"EntryPoint","urlTemplate":"https:\/\/bodyharmonycirugiaplastica.com\/?s={search_term_string}"},"query-input":{"@type":"PropertyValueSpecification","valueRequired":true,"valueName":"search_term_string"}}],"inLanguage":"es"},{"@type":"Organization","@id":"https:\/\/bodyharmonycirugiaplastica.com\/#organization","name":"Body Harmony Plastic surgery","url":"https:\/\/bodyharmonycirugiaplastica.com\/","logo":{"@type":"ImageObject","inLanguage":"es","@id":"https:\/\/bodyharmonycirugiaplastica.com\/#\/schema\/logo\/image\/","url":"https:\/\/secureservercdn.net\/198.71.233.83\/uv2.7cd.myftpupload.com\/wp-content\/uploads\/2021\/10\/BODY-HARMONY-logo.png?time=1637080077","contentUrl":"https:\/\/secureservercdn.net\/198.71.233.83\/uv2.7cd.myftpupload.com\/wp-content\/uploads\/2021\/10\/BODY-HARMONY-logo.png?time=1637080077","width":358,"height":177,"caption":"Body Harmony Plastic surgery"},"image":{"@id":"https:\/\/bodyharmonycirugiaplastica.com\/#\/schema\/logo\/image\/"},"sameAs":["https:\/\/www.instagram.com\/bodyharmonycirugiaplastica\/","https:\/\/www.youtube.com\/channel\/UCfydzMSkJpn-PmlKltrEFuw"]}]}},"_links":{"self":[{"href":"https:\/\/bodyharmonycirugiaplastica.com\/es\/wp-json\/wp\/v2\/product\/336024","targetHints":{"allow":["GET"]}}],"collection":[{"href":"https:\/\/bodyharmonycirugiaplastica.com\/es\/wp-json\/wp\/v2\/product"}],"about":[{"href":"https:\/\/bodyharmonycirugiaplastica.com\/es\/wp-json\/wp\/v2\/types\/product"}],"replies":[{"embeddable":true,"href":"https:\/\/bodyharmonycirugiaplastica.com\/es\/wp-json\/wp\/v2\/comments?post=336024"}],"wp:featuredmedia":[{"embeddable":true,"href":"https:\/\/bodyharmonycirugiaplastica.com\/es\/wp-json\/wp\/v2\/media\/336034"}],"wp:attachment":[{"href":"https:\/\/bodyharmonycirugiaplastica.com\/es\/wp-json\/wp\/v2\/media?parent=336024"}],"wp:term":[{"taxonomy":"product_brand","embeddable":true,"href":"https:\/\/bodyharmonycirugiaplastica.com\/es\/wp-json\/wp\/v2\/product_brand?post=336024"},{"taxonomy":"product_cat","embeddable":true,"href":"https:\/\/bodyharmonycirugiaplastica.com\/es\/wp-json\/wp\/v2\/product_cat?post=336024"},{"taxonomy":"product_tag","embeddable":true,"href":"https:\/\/bodyharmonycirugiaplastica.com\/es\/wp-json\/wp\/v2\/product_tag?post=336024"}],"curies":[{"name":"wp","href":"https:\/\/api.w.org\/{rel}","templated":true}]}}